{"id":124,"date":"2018-09-05T10:25:44","date_gmt":"2018-09-05T10:25:44","guid":{"rendered":"https:\/\/www.ergotherapie-heinsberg.de\/?page_id=124"},"modified":"2019-02-07T12:32:58","modified_gmt":"2019-02-07T12:32:58","slug":"paediatrie-2","status":"publish","type":"page","link":"https:\/\/www.ergotherapie-heinsberg.de\/?page_id=124","title":{"rendered":"P\u00e4diatrie"},"content":{"rendered":"<p>Die&nbsp;ergotherapeutische Behandlung in&nbsp;der P\u00e4diatrie richtet sich auf Kinder&nbsp;und&nbsp;ihre Eltern, die meist mit einer der&nbsp;folgenden Diagnosen zu uns kommen:<\/p>\n<ul>\n<li>Entwicklungsverz\u00f6gerungen<\/li>\n<li>Wahrnehmungsst\u00f6rungen<\/li>\n<li>Feinmotorikst\u00f6rungen<\/li>\n<li>Graphomotorische St\u00f6rungen<\/li>\n<li>Linksh\u00e4ndigkeit\/ H\u00e4ndigkeit<\/li>\n<li>ADHS\/ ADS (Aufmerksamkeitsdefizit Syndrom)<\/li>\n<li>K\u00f6rperbehinderung<\/li>\n<li>Geistige Behinderung<\/li>\n<li>Lernbehinderung<\/li>\n<li>Autismus Spektrumsst\u00f6rung<\/li>\n<\/ul>\n<p>Die&nbsp;p\u00e4diatrische Ergotherapie umfasst&nbsp;viele Aspekte und wird ganz individuell auf die Bed\u00fcrfnisse des Kindes, die W\u00fcnsche der Eltern und in Absprache mit dem verordnenden Arztes festgelegt.<\/p>\n<p>Eine ergotherapeutische Behandlung&nbsp;ist in jeder Altersklasse sinnvoll, wenn das Kind unter&nbsp;Entwicklungsverz\u00f6gerungen leidet, in seiner Selbstst\u00e4ndigkeit oder Handlungsf\u00e4higkeit eingeschr\u00e4nkt ist bzw. von einer Behinderung betroffen ist. In enger Zusammenarbeit mit den Eltern und mit Hilfe unterschiedlicher Behandlungsverfahren werden allt\u00e4gliche Fertigkeiten wie z.B. Malen, Schreiben, Balancieren,&nbsp;soziale Interaktion&nbsp;oder Konzentration&nbsp;ge\u00fcbt und zielorientiert gef\u00f6rdert. So kann ein Kind lernen, Schw\u00e4chen zu kompensieren oder Schwierigkeiten in der Schule oder im sozialen Umfeld ausgleichen.<\/p>\n<p><strong>Therapieangebot:<\/strong><\/p>\n<ul>\n<li>Ausf\u00fchrliche Diagnostik<\/li>\n<li>Konzentrations- und Aufmerksamkeitstraining<\/li>\n<li>Behandlung und Beratung von AD(H)S<\/li>\n<li>Entwicklungsdiagnostische Verfahren (0 &#8211; 12 Jahre)<\/li>\n<li>Entwicklungsf\u00f6rderung (u.a. CO-OP)<\/li>\n<li>F\u00f6rderung der Grob- und Feinmotorik<\/li>\n<li>Linksh\u00e4nderberatung nach Dr. J.B. Sattler<\/li>\n<li>Sensorische Integrationstherapie<\/li>\n<li>Gezielte Elternberatung<\/li>\n<li>Soziales Kompetenztraining<\/li>\n<li>Verhaltenstherapie<\/li>\n<li>Einzel- und Gruppentherapie<\/li>\n<li>Training von Alltagskompetenzen<\/li>\n<li>Bobath-P\u00e4diatrie<\/li>\n<li>Hilfsmittelberatung<\/li>\n<li>Beratung und Anleitung von Angeh\u00f6rigen<\/li>\n<\/ul>\n<p><strong>Bei medizinischer Notwendigkeit besteht die M\u00f6glichkeit zur Behandlung in der h\u00e4uslichen Umgebung.<\/strong><a href=\"https:\/\/www.ergotherapie-heinsberg.de\/?page_id=308\"><img loading=\"lazy\" decoding=\"async\" class=\"aligncenter wp-image-339 size-full\" src=\"https:\/\/www.ergotherapie-heinsberg.de\/wp-content\/uploads\/2018\/09\/final_logo_EstherM-beschnitten.jpg\" alt=\"\" width=\"3507\" height=\"1725\" srcset=\"https:\/\/www.ergotherapie-heinsberg.de\/wp-content\/uploads\/2018\/09\/final_logo_EstherM-beschnitten.jpg 3507w, https:\/\/www.ergotherapie-heinsberg.de\/wp-content\/uploads\/2018\/09\/final_logo_EstherM-beschnitten-300x148.jpg 300w, https:\/\/www.ergotherapie-heinsberg.de\/wp-content\/uploads\/2018\/09\/final_logo_EstherM-beschnitten-768x378.jpg 768w, https:\/\/www.ergotherapie-heinsberg.de\/wp-content\/uploads\/2018\/09\/final_logo_EstherM-beschnitten-1024x504.jpg 1024w, https:\/\/www.ergotherapie-heinsberg.de\/wp-content\/uploads\/2018\/09\/final_logo_EstherM-beschnitten-1200x590.jpg 1200w, https:\/\/www.ergotherapie-heinsberg.de\/wp-content\/uploads\/2018\/09\/final_logo_EstherM-beschnitten-600x295.jpg 600w\" sizes=\"auto, (max-width: 3507px) 100vw, 3507px\" \/><\/a><\/p>\n","protected":false},"excerpt":{"rendered":"<p>Die&nbsp;ergotherapeutische Behandlung in&nbsp;der P\u00e4diatrie richtet sich auf Kinder&nbsp;und&nbsp;ihre Eltern, die meist mit einer der&nbsp;folgenden Diagnosen zu uns kommen: Entwicklungsverz\u00f6gerungen Wahrnehmungsst\u00f6rungen Feinmotorikst\u00f6rungen Graphomotorische St\u00f6rungen Linksh\u00e4ndigkeit\/ H\u00e4ndigkeit ADHS\/ ADS (Aufmerksamkeitsdefizit Syndrom) K\u00f6rperbehinderung Geistige Behinderung Lernbehinderung Autismus Spektrumsst\u00f6rung Die&nbsp;p\u00e4diatrische Ergotherapie umfasst&nbsp;viele Aspekte und wird ganz individuell auf die Bed\u00fcrfnisse des Kindes, die W\u00fcnsche der Eltern und in Absprache [&hellip;]<\/p>\n","protected":false},"author":1,"featured_media":37,"parent":188,"menu_order":0,"comment_status":"closed","ping_status":"closed","template":"","meta":{"footnotes":""},"class_list":["post-124","page","type-page","status-publish","has-post-thumbnail","hentry","has-thumbnail"],"_links":{"self":[{"href":"https:\/\/www.ergotherapie-heinsberg.de\/index.php?rest_route=\/wp\/v2\/pages\/124","targetHints":{"allow":["GET"]}}],"collection":[{"href":"https:\/\/www.ergotherapie-heinsberg.de\/index.php?rest_route=\/wp\/v2\/pages"}],"about":[{"href":"https:\/\/www.ergotherapie-heinsberg.de\/index.php?rest_route=\/wp\/v2\/types\/page"}],"author":[{"embeddable":true,"href":"https:\/\/www.ergotherapie-heinsberg.de\/index.php?rest_route=\/wp\/v2\/users\/1"}],"replies":[{"embeddable":true,"href":"https:\/\/www.ergotherapie-heinsberg.de\/index.php?rest_route=%2Fwp%2Fv2%2Fcomments&post=124"}],"version-history":[{"count":30,"href":"https:\/\/www.ergotherapie-heinsberg.de\/index.php?rest_route=\/wp\/v2\/pages\/124\/revisions"}],"predecessor-version":[{"id":405,"href":"https:\/\/www.ergotherapie-heinsberg.de\/index.php?rest_route=\/wp\/v2\/pages\/124\/revisions\/405"}],"up":[{"embeddable":true,"href":"https:\/\/www.ergotherapie-heinsberg.de\/index.php?rest_route=\/wp\/v2\/pages\/188"}],"wp:featuredmedia":[{"embeddable":true,"href":"https:\/\/www.ergotherapie-heinsberg.de\/index.php?rest_route=\/wp\/v2\/media\/37"}],"wp:attachment":[{"href":"https:\/\/www.ergotherapie-heinsberg.de\/index.php?rest_route=%2Fwp%2Fv2%2Fmedia&parent=124"}],"curies":[{"name":"wp","href":"https:\/\/api.w.org\/{rel}","templated":true}]}}